{"id":559,"date":"2015-10-11T14:55:06","date_gmt":"2015-10-11T13:55:06","guid":{"rendered":"http:\/\/satafrique.com\/?page_id=559"},"modified":"2024-03-05T10:22:36","modified_gmt":"2024-03-05T10:22:36","slug":"equipe","status":"publish","type":"page","link":"https:\/\/satafrique.com\/?page_id=559","title":{"rendered":"EQUIPE"},"content":{"rendered":"<p>SATA Afrique dispose d\u2019une \u00e9quipe diversifi\u00e9e\u00a0et qualifi\u00e9e<\/p>\n<div class=\"su-accordion su-u-trim\">\n<div class=\"su-spoiler su-spoiler-style-fancy su-spoiler-icon-plus su-spoiler-closed\" data-scroll-offset=\"0\" data-anchor-in-url=\"no\"><div class=\"su-spoiler-title\" tabindex=\"0\" role=\"button\"><span class=\"su-spoiler-icon\"><\/span>Collaborateurs<\/div><div class=\"su-spoiler-content su-u-clearfix su-u-trim\">\n<p><a href=\"https:\/\/satafrique.com\/wp-content\/uploads\/2015\/02\/equipe2.png\" rel='prettyPhoto'><img loading=\"lazy\" decoding=\"async\" class=\"alignnone size-full wp-image-408\" src=\"https:\/\/satafrique.com\/wp-content\/uploads\/2015\/02\/equipe2.png\" alt=\"equipe2\" width=\"905\" height=\"242\" srcset=\"https:\/\/satafrique.com\/wp-content\/uploads\/2015\/02\/equipe2.png 905w, https:\/\/satafrique.com\/wp-content\/uploads\/2015\/02\/equipe2-300x80.png 300w, https:\/\/satafrique.com\/wp-content\/uploads\/2015\/02\/equipe2-645x172.png 645w, https:\/\/satafrique.com\/wp-content\/uploads\/2015\/02\/equipe2-662x177.png 662w\" sizes=\"auto, (max-width: 905px) 100vw, 905px\" \/><\/a><\/p>\n<p>SATA Afrique dispose d\u2019une \u00e9quipe diversifi\u00e9e compos\u00e9e de:<\/p>\n<div class=\"su-row\">\n<div class=\"su-column su-column-size-1-2\"><div class=\"su-column-inner su-u-clearfix su-u-trim\">\n<div class=\"su-list\" style=\"margin-left:0px\">\n<ul>\n<li><i class=\"sui sui-star\" style=\"color:#0D7BCE\"><\/i> <span class=\"vert\" style=\"font-weight: bold; color: #000000;\">07 Architectes et urbanistes<\/span><\/li>\n<li><i class=\"sui sui-star\" style=\"color:#0D7BCE\"><\/i> <span class=\"vert\" style=\"font-weight: bold; color: #000000;\">12 Ing\u00e9nieurs g\u00e9nie civil<\/span><\/li>\n<li><i class=\"sui sui-star\" style=\"color:#0D7BCE\"><\/i> <span class=\"vert\" style=\"font-weight: bold; color: #000000;\">15 Techniciens et projecteurs<br \/>\n<\/span><\/li>\n<li><i class=\"sui sui-star\" style=\"color:#0D7BCE\"><\/i> <span class=\"vert\" style=\"font-weight: bold; color: #3bb84c;\"><span style=\"color: #000000;\">07 Sp\u00e9cialistes collaborateurs<\/span><span style=\"color: #3366ff;\"><br \/>\n<\/span><\/span><\/li>\n<\/ul>\n<\/div>\n<\/div><\/div>\n<div class=\"su-column su-column-size-1-2\"><div class=\"su-column-inner su-u-clearfix su-u-trim\">\n<p><b><span class=\"vert\" style=\"font-weight: bold; color: #3bb84c;\"><span style=\"color: #3366ff;\"><span style=\"color: #000000;\">Des repr\u00e9sentants dans les pays d\u2019interventions<\/span><\/span><\/span><\/b><\/p>\n<p><a href=\"https:\/\/satafrique.com\/wp-content\/uploads\/2015\/02\/dynamique.png\" rel='prettyPhoto'><img loading=\"lazy\" decoding=\"async\" class=\"alignnone size-full wp-image-412\" src=\"https:\/\/satafrique.com\/wp-content\/uploads\/2015\/02\/dynamique.png\" alt=\"dynamique\" width=\"307\" height=\"74\" srcset=\"https:\/\/satafrique.com\/wp-content\/uploads\/2015\/02\/dynamique.png 307w, https:\/\/satafrique.com\/wp-content\/uploads\/2015\/02\/dynamique-300x72.png 300w\" sizes=\"auto, (max-width: 307px) 100vw, 307px\" \/><\/a><\/p>\n<\/div><\/div>\n<\/div>\n<div class=\"su-row\">\n<div class=\"su-column su-column-size-1-4\"><div class=\"su-column-inner su-u-clearfix su-u-trim\">\n<p><a href=\"https:\/\/satafrique.com\/wp-content\/uploads\/2015\/02\/portrait2.png\" rel='prettyPhoto'><img loading=\"lazy\" decoding=\"async\" class=\"alignnone size-full wp-image-388\" src=\"https:\/\/satafrique.com\/wp-content\/uploads\/2015\/02\/portrait2.png\" alt=\"portrait2\" width=\"187\" height=\"214\" \/><\/a><\/p>\n<p><span style=\"color: #0000ff;\"><strong>SOULEYMANE ZERBO<\/strong><\/span><\/p>\n<p>Architecte-Urbaniste<\/p>\n<p>GERANT- COORDONATEUR PRINCIPAL<\/p>\n<\/div><\/div>\n<div class=\"su-column su-column-size-1-4\"><div class=\"su-column-inner su-u-clearfix su-u-trim\">\n<p><a href=\"https:\/\/satafrique.com\/wp-content\/uploads\/2015\/02\/portrait2.png\" rel='prettyPhoto'><img loading=\"lazy\" decoding=\"async\" class=\"alignnone size-full wp-image-388\" src=\"https:\/\/satafrique.com\/wp-content\/uploads\/2015\/02\/portrait2.png\" alt=\"portrait2\" width=\"187\" height=\"214\" \/><\/a><\/p>\n<p><span style=\"color: #0000ff;\"><strong>SAVADOGO KASSOUM<\/strong><\/span><\/p>\n<p>Comptable<\/p>\n<p>DIRECTEUR ADMINISTRATIF ET FINANCIER<\/p>\n<\/div><\/div>\n<div class=\"su-column su-column-size-1-4\"><div class=\"su-column-inner su-u-clearfix su-u-trim\">\n<p><a href=\"https:\/\/satafrique.com\/wp-content\/uploads\/2015\/02\/portrait2.png\" rel='prettyPhoto'><img loading=\"lazy\" decoding=\"async\" class=\"alignnone size-full wp-image-388\" src=\"https:\/\/satafrique.com\/wp-content\/uploads\/2015\/02\/portrait2.png\" alt=\"portrait2\" width=\"187\" height=\"214\" \/><\/a><\/p>\n<p><span style=\"color: #0000ff;\"><strong>SAWADOGO JEAN<\/strong><\/span><\/p>\n<p>Architecte D.E.N.A<\/p>\n<p>DIRECTEUR TECHNIQUE<\/p>\n<\/div><\/div>\n<div class=\"su-column su-column-size-1-4\"><div class=\"su-column-inner su-u-clearfix su-u-trim\">\n<p><a href=\"https:\/\/satafrique.com\/wp-content\/uploads\/2015\/02\/portrait2.png\" rel='prettyPhoto'><img loading=\"lazy\" decoding=\"async\" class=\"alignnone size-full wp-image-388\" src=\"https:\/\/satafrique.com\/wp-content\/uploads\/2015\/02\/portrait2.png\" alt=\"portrait2\" width=\"187\" height=\"214\" \/><\/a><\/p>\n<p><span style=\"color: #0000ff;\"><strong>DELCIO MONTEIRO \u00a0<\/strong><\/span><\/p>\n<p>Architecte Urbaniste<\/p>\n<p>ARCHITECTE CHEF DE PROJET<\/p>\n<\/div><\/div>\n<\/div>\n<div class=\"su-row\">\n<div class=\"su-column su-column-size-1-4\"><div class=\"su-column-inner su-u-clearfix su-u-trim\">\n<p><a href=\"https:\/\/satafrique.com\/wp-content\/uploads\/2015\/02\/portrait2.png\" rel='prettyPhoto'><img loading=\"lazy\" decoding=\"async\" class=\"alignnone size-full wp-image-388\" src=\"https:\/\/satafrique.com\/wp-content\/uploads\/2015\/02\/portrait2.png\" alt=\"portrait2\" width=\"187\" height=\"214\" \/><\/a><\/p>\n<p><span style=\"color: #0000ff;\"><strong>\u00a0OUATTARA B.\u00a0ABDEL AZIZ\u00a0<\/strong><\/span><\/p>\n<p>Ing\u00e9nieur \u00a0de conception G\u00e9nie Civil<\/p>\n<p>CHARGE D&rsquo;ETUDES ET DE SUIVI DE CHANTIER<\/p>\n<\/div><\/div>\n<div class=\"su-column su-column-size-1-4\"><div class=\"su-column-inner su-u-clearfix su-u-trim\">\n<p><a href=\"https:\/\/satafrique.com\/wp-content\/uploads\/2015\/02\/portrait2.png\" rel='prettyPhoto'><img loading=\"lazy\" decoding=\"async\" class=\"alignnone size-full wp-image-388\" src=\"https:\/\/satafrique.com\/wp-content\/uploads\/2015\/02\/portrait2.png\" alt=\"portrait2\" width=\"187\" height=\"214\" \/><\/a><\/p>\n<p><span style=\"color: #0000ff;\"><strong>KY ANATOU\u00a0<\/strong><\/span><\/p>\n<p>Ing\u00e9nieur G\u00e9nie \u00e9lectrique<\/p>\n<p>CHARGE D&rsquo;ETUDES ET DE SUIVI DE CHANTIER<\/p>\n<\/div><\/div>\n<\/div> <div class=\"su-row\">\n<div class=\"su-column su-column-size-1-4\"><div class=\"su-column-inner su-u-clearfix su-u-trim\"><\/div><\/div>\n<\/div>\n<div class=\"su-row\">\n<div class=\"su-column su-column-size-1-4\"><div class=\"su-column-inner su-u-clearfix su-u-trim\">\n<p><a href=\"https:\/\/satafrique.com\/wp-content\/uploads\/2015\/02\/portrait2.png\" rel='prettyPhoto'><img loading=\"lazy\" decoding=\"async\" class=\"alignnone size-full wp-image-388\" src=\"https:\/\/satafrique.com\/wp-content\/uploads\/2015\/02\/portrait2.png\" alt=\"portrait2\" width=\"187\" height=\"214\" \/><\/a><\/p>\n<p><span style=\"color: #0000ff;\"><strong>\u00a0NIKIEMA\u00a0SEBASTIEN\u00a0<\/strong><\/span><\/p>\n<p>Technicien sup\u00e9rieur en Batiment<\/p>\n<p>CHARGE DE SUIVI DE CHANTIERS<\/p>\n<\/div><\/div>\n<div class=\"su-column su-column-size-1-4\"><div class=\"su-column-inner su-u-clearfix su-u-trim\">\n<p><a href=\"https:\/\/satafrique.com\/wp-content\/uploads\/2015\/02\/portrait2.png\" rel='prettyPhoto'><img loading=\"lazy\" decoding=\"async\" class=\"alignnone size-full wp-image-388\" src=\"https:\/\/satafrique.com\/wp-content\/uploads\/2015\/02\/portrait2.png\" alt=\"portrait2\" width=\"187\" height=\"214\" \/><\/a><\/p>\n<p><span style=\"color: #0000ff;\"><strong>GOUBGOU M. W. THEODORE\u00a0<\/strong><\/span><\/p>\n<p>Technicien sup\u00e9rieur en\u00a0G\u00e9nie civil<\/p>\n<p>CHARGE DE SUIVI DE CHANTIERS<\/p>\n<\/div><\/div>\n<div class=\"su-column su-column-size-1-4\"><div class=\"su-column-inner su-u-clearfix su-u-trim\">\n<p><a href=\"https:\/\/satafrique.com\/wp-content\/uploads\/2015\/02\/portrait2.png\" rel='prettyPhoto'><img loading=\"lazy\" decoding=\"async\" class=\"alignnone size-full wp-image-388\" src=\"https:\/\/satafrique.com\/wp-content\/uploads\/2015\/02\/portrait2.png\" alt=\"portrait2\" width=\"187\" height=\"214\" \/><\/a><\/p>\n<p><span style=\"color: #0000ff;\"><strong>OUEDRAOGO NESTOR <\/strong><\/span><\/p>\n<p>Technicien sup\u00e9rieur en Batiment<\/p>\n<p>CHARGE DE SUIVI DE CHANTIERS<\/p>\n<\/div><\/div>\n<div class=\"su-column su-column-size-1-4\"><div class=\"su-column-inner su-u-clearfix su-u-trim\">\n<\/div><\/div>\n<\/div>\n<div class=\"su-row\"> <div class=\"su-column su-column-size-1-4\"><div class=\"su-column-inner su-u-clearfix su-u-trim\">\n<p><a href=\"https:\/\/satafrique.com\/wp-content\/uploads\/2015\/02\/portrait2.png\" rel='prettyPhoto'><img loading=\"lazy\" decoding=\"async\" class=\"alignnone size-full wp-image-388\" src=\"https:\/\/satafrique.com\/wp-content\/uploads\/2015\/02\/portrait2.png\" alt=\"portrait2\" width=\"187\" height=\"214\" \/><\/a><\/p>\n<p><span style=\"color: #0000ff;\"><strong>SIRIMA ARDJOUMA\u00a0 \u00a0<\/strong><\/span><\/p>\n<p>Technicien sup\u00e9rieur en Informatique<\/p>\n<p>CHARGE D&rsquo;ADMINISTRATION ET DE MAINTENANCE RESEAU<\/p>\n<\/div><\/div>\n<div class=\"su-column su-column-size-1-4\"><div class=\"su-column-inner su-u-clearfix su-u-trim\">\n<\/div><\/div>\n<div class=\"su-column su-column-size-1-4\"><div class=\"su-column-inner su-u-clearfix su-u-trim\">\n<\/div><\/div>\n<div class=\"su-column su-column-size-1-4\"><div class=\"su-column-inner su-u-clearfix su-u-trim\">\n<\/div><\/div>\n<\/div> <div class=\"su-row\">\n<div class=\"su-column su-column-size-1-4\"><div class=\"su-column-inner su-u-clearfix su-u-trim\">\n<p><a href=\"https:\/\/satafrique.com\/wp-content\/uploads\/2015\/02\/portrait2.png\" rel='prettyPhoto'><img loading=\"lazy\" decoding=\"async\" class=\"alignnone size-full wp-image-388\" src=\"https:\/\/satafrique.com\/wp-content\/uploads\/2015\/02\/portrait2.png\" alt=\"portrait2\" width=\"187\" height=\"214\" \/><\/a><\/p>\n<p><span style=\"color: #0000ff;\"><strong>SANOGO BASSITA \u00a0<\/strong><\/span><\/p>\n<p>Secretaire<\/p>\n<p>SECRETAIRE<\/p>\n<\/div><\/div>\n<div class=\"su-column su-column-size-1-4\"><div class=\"su-column-inner su-u-clearfix su-u-trim\">\n<p><a href=\"https:\/\/satafrique.com\/wp-content\/uploads\/2015\/02\/portrait2.png\" rel='prettyPhoto'><img loading=\"lazy\" decoding=\"async\" class=\"alignnone size-full wp-image-388\" src=\"https:\/\/satafrique.com\/wp-content\/uploads\/2015\/02\/portrait2.png\" alt=\"portrait2\" width=\"187\" height=\"214\" \/><\/a><\/p>\n<p><span style=\"color: #0000ff;\"><strong>DRABO MINIKYE <\/strong><\/span><\/p>\n<p>Secretaire<\/p>\n<p>SECRETAIRE<\/p>\n<\/div><\/div> <div class=\"su-column su-column-size-1-4\"><div class=\"su-column-inner su-u-clearfix su-u-trim\">\n<\/div><\/div> <div class=\"su-column su-column-size-1-4\"><div class=\"su-column-inner su-u-clearfix su-u-trim\">\n<\/div><\/div> <\/div>\n<div class=\"su-row\">\n<div class=\"su-column su-column-size-1-4\"><div class=\"su-column-inner su-u-clearfix su-u-trim\">\n<p><a href=\"https:\/\/satafrique.com\/wp-content\/uploads\/2015\/02\/portrait2.png\" rel='prettyPhoto'><img loading=\"lazy\" decoding=\"async\" class=\"alignnone size-full wp-image-388\" src=\"https:\/\/satafrique.com\/wp-content\/uploads\/2015\/02\/portrait2.png\" alt=\"portrait2\" width=\"187\" height=\"214\" \/><\/a><\/p>\n<p><span style=\"color: #0000ff;\"><strong>ZOUGOURI GONTAN \u00a0<\/strong><\/span><\/p>\n<p>Dessinateur<\/p>\n<p>DESSINATEUR PROJETEUR CAO-DAO<\/p>\n<\/div><\/div>\n<div class=\"su-column su-column-size-1-4\"><div class=\"su-column-inner su-u-clearfix su-u-trim\">\n<p><a href=\"https:\/\/satafrique.com\/wp-content\/uploads\/2015\/02\/portrait2.png\" rel='prettyPhoto'><img loading=\"lazy\" decoding=\"async\" class=\"alignnone size-full wp-image-388\" src=\"https:\/\/satafrique.com\/wp-content\/uploads\/2015\/02\/portrait2.png\" alt=\"portrait2\" width=\"187\" height=\"214\" \/><\/a><\/p>\n<p><span style=\"color: #0000ff;\"><strong>SANGLI P. GEORGES \u00a0 \u00a0<\/strong><\/span><\/p>\n<p>Dessinateur<\/p>\n<p>DESSINATEUR PROJETEUR CAO-DAO<\/p>\n<\/div><\/div> <div class=\"su-column su-column-size-1-4\"><div class=\"su-column-inner su-u-clearfix su-u-trim\">\n<p><a href=\"https:\/\/satafrique.com\/wp-content\/uploads\/2015\/02\/portrait2.png\" rel='prettyPhoto'><img loading=\"lazy\" decoding=\"async\" class=\"alignnone size-full wp-image-388\" src=\"https:\/\/satafrique.com\/wp-content\/uploads\/2015\/02\/portrait2.png\" alt=\"portrait2\" width=\"187\" height=\"214\" \/><\/a><\/p>\n<p><span style=\"color: #0000ff;\"><strong>YONI FLORENT \u00a0\u00a0<\/strong><\/span><\/p>\n<p>Dessinateur<\/p>\n<p>DESSINATEUR PROJETEUR CAO-DAO<\/p>\n<\/div><\/div> <div class=\"su-column su-column-size-1-4\"><div class=\"su-column-inner su-u-clearfix su-u-trim\">\n<p><a href=\"https:\/\/satafrique.com\/wp-content\/uploads\/2015\/02\/portrait2.png\" rel='prettyPhoto'><img loading=\"lazy\" decoding=\"async\" class=\"alignnone size-full wp-image-388\" src=\"https:\/\/satafrique.com\/wp-content\/uploads\/2015\/02\/portrait2.png\" alt=\"portrait2\" width=\"187\" height=\"214\" \/><\/a><\/p>\n<p><span style=\"color: #0000ff;\"><strong>TAPSOBA JOCELINE \u00a0 \u00a0<\/strong><\/span><\/p>\n<p>Dessinatrice<\/p>\n<p>DESSINATEUR PROJETEUR CAO-DAO<\/p>\n<\/div><\/div> <div class=\"su-column su-column-size-1-4\"><div class=\"su-column-inner su-u-clearfix su-u-trim\">\n<div class=\"su-column su-column-size-1-4\"><div class=\"su-column-inner su-u-clearfix su-u-trim\"><\/div><\/div>\n<p><img loading=\"lazy\" decoding=\"async\" class=\"alignnone size-full wp-image-388\" src=\"https:\/\/satafrique.com\/wp-content\/uploads\/2015\/02\/portrait2.png\" alt=\"portrait2\" width=\"187\" height=\"214\" \/><\/p>\n<p><span style=\"color: #0000ff;\"><strong>MINOUNGOU W. MARTIAL <\/strong><\/span><\/p>\n<p>Dessinateur<\/p>\n<p>DESSINATEUR PROJETEUR CAO-DAO<\/p>\n<\/div><\/div> <div class=\"su-column su-column-size-1-4\"><div class=\"su-column-inner su-u-clearfix su-u-trim\">\n<div class=\"su-column su-column-size-1-4\"><div class=\"su-column-inner su-u-clearfix su-u-trim\"><\/div><\/div>\n<p><a href=\"https:\/\/satafrique.com\/wp-content\/uploads\/2015\/02\/portrait2.png\" rel='prettyPhoto'><img loading=\"lazy\" decoding=\"async\" class=\"alignnone size-full wp-image-388\" src=\"https:\/\/satafrique.com\/wp-content\/uploads\/2015\/02\/portrait2.png\" alt=\"portrait2\" width=\"187\" height=\"214\" \/><\/a><\/p>\n<p><span style=\"color: #0000ff;\"><strong>NANA B. JACQUELINE\u00a0 <\/strong><\/span><\/p>\n<p>Dessinateur<\/p>\n<p>DESSINATEUR PROJETEUR CAO-DAO<\/p>\n<\/div><\/div>\n<\/div>\n<div class=\"su-column su-column-size-1-4\"><div class=\"su-column-inner su-u-clearfix su-u-trim\">\n<p><a href=\"https:\/\/satafrique.com\/wp-content\/uploads\/2015\/02\/portrait2.png\" rel='prettyPhoto'><img loading=\"lazy\" decoding=\"async\" class=\"alignnone size-full wp-image-388\" src=\"https:\/\/satafrique.com\/wp-content\/uploads\/2015\/02\/portrait2.png\" alt=\"portrait2\" width=\"187\" height=\"214\" \/><\/a><\/p>\n<p><span style=\"color: #0000ff;\"><strong>KABORE ADAMA<\/strong><\/span><\/p>\n<p>Chauffeur<\/p>\n<p>CHAUFFEUR<\/p>\n<\/div><\/div>\n<div class=\"su-column su-column-size-1-4\"><div class=\"su-column-inner su-u-clearfix su-u-trim\">\n<p><a href=\"https:\/\/satafrique.com\/wp-content\/uploads\/2015\/02\/portrait2.png\" rel='prettyPhoto'><img loading=\"lazy\" decoding=\"async\" class=\"alignnone size-full wp-image-388\" src=\"https:\/\/satafrique.com\/wp-content\/uploads\/2015\/02\/portrait2.png\" alt=\"portrait2\" width=\"187\" height=\"214\" \/><\/a><\/p>\n<p><span style=\"color: #0000ff;\"><strong>KONATE ISSA<\/strong><\/span><\/p>\n<p>Chauffeur<\/p>\n<p>CHAUFFEUR<\/p>\n<\/div><\/div>\n<div class=\"su-row\">\n<p><strong style=\"color: #0000ff;\">A L&rsquo;INTERNATIONAL <\/strong><\/p>\n<div class=\"su-row\"><\/div>\n<div class=\"su-column su-column-size-1-4\"><div class=\"su-column-inner su-u-clearfix su-u-trim\">\n<p><a href=\"https:\/\/satafrique.com\/wp-content\/uploads\/2015\/02\/portrait2.png\" rel='prettyPhoto'><img loading=\"lazy\" decoding=\"async\" class=\"alignnone size-full wp-image-388\" src=\"https:\/\/satafrique.com\/wp-content\/uploads\/2015\/02\/portrait2.png\" alt=\"portrait2\" width=\"187\" height=\"214\" \/><\/a><\/p>\n<p><span style=\"color: #0000ff;\"><strong>DIALLO DAOUDA\u00a0<\/strong><\/span><\/p>\n<p>Ing\u00e9nieur G\u00e9nie\u00a0Civil<\/p>\n<p>CHEF DE MISSION AU MALI<\/p>\n<\/div><\/div>\n<div class=\"su-row\"><\/div>\n<div class=\"su-column su-column-size-1-4\"><div class=\"su-column-inner su-u-clearfix su-u-trim\">\n<p><a href=\"https:\/\/satafrique.com\/wp-content\/uploads\/2015\/02\/portrait2.png\" rel='prettyPhoto'><img loading=\"lazy\" decoding=\"async\" class=\"alignnone size-full wp-image-388\" src=\"https:\/\/satafrique.com\/wp-content\/uploads\/2015\/02\/portrait2.png\" alt=\"portrait2\" width=\"187\" height=\"214\" \/><\/a><\/p>\n<p><span style=\"color: #0000ff;\"><strong>TASSAOU MOUDI<\/strong><\/span><\/p>\n<p>Ing\u00e9nieur G\u00e9nie\u00a0Civil<\/p>\n<p>CHARGE D&rsquo;ETUDES ET SUIVI DE CHANTIERS<\/p>\n<\/div><\/div>\n<div class=\"su-column su-column-size-1-4\"><div class=\"su-column-inner su-u-clearfix su-u-trim\">\n<p><span style=\"color: #0000ff;\"><strong>TOSSOU HYPOLITE <\/strong><\/span><\/p>\n<p>Ing\u00e9nieur G\u00e9nie\u00a0Civil<\/p>\n<p>CHEF DE MISSION AU TOGO<\/p>\n<\/div><\/div>\n<div class=\"su-column su-column-size-1-4\"><div class=\"su-column-inner su-u-clearfix su-u-trim\">\n<p><a href=\"https:\/\/satafrique.com\/wp-content\/uploads\/2015\/02\/portrait2.png\" rel='prettyPhoto'><img loading=\"lazy\" decoding=\"async\" class=\"alignnone size-full wp-image-388\" src=\"https:\/\/satafrique.com\/wp-content\/uploads\/2015\/02\/portrait2.png\" alt=\"portrait2\" width=\"187\" height=\"214\" \/><\/a><\/p>\n<p><span style=\"color: #0000ff;\"><strong>AGBALEVON ROMARIC KOFFI ISIDORE <\/strong><\/span><\/p>\n<p>Ing\u00e9nieur G\u00e9nie\u00a0Civil<\/p>\n<p>CONTROLEUR CHEF DE MISSION ADJOINT AU TOGO<\/p>\n<\/div><\/div>\n<div class=\"su-column su-column-size-1-4\"><div class=\"su-column-inner su-u-clearfix su-u-trim\">\n<\/div><\/div>\n<\/div>\n<div class=\"su-row\">\n<div class=\"su-column su-column-size-1-4\"><div class=\"su-column-inner su-u-clearfix su-u-trim\">\n<p><a href=\"https:\/\/satafrique.com\/wp-content\/uploads\/2015\/02\/portrait2.png\" rel='prettyPhoto'><img loading=\"lazy\" decoding=\"async\" class=\"alignnone size-full wp-image-388\" src=\"https:\/\/satafrique.com\/wp-content\/uploads\/2015\/02\/portrait2.png\" alt=\"portrait2\" width=\"187\" height=\"214\" \/><\/a><\/p>\n<p><span style=\"color: #0000ff;\"><strong>BANCOLE ROMUALD <\/strong><\/span><\/p>\n<p>Technicien Sup\u00e9rieur \u00a0G\u00e9nie Civil<\/p>\n<p>CONTROLEUR AU TOGO<\/p>\n<\/div><\/div>\n<div class=\"su-column su-column-size-1-4\"><div class=\"su-column-inner su-u-clearfix su-u-trim\">\n<p><a href=\"https:\/\/satafrique.com\/wp-content\/uploads\/2015\/02\/portrait2.png\" rel='prettyPhoto'><img loading=\"lazy\" decoding=\"async\" class=\"alignnone size-full wp-image-388\" src=\"https:\/\/satafrique.com\/wp-content\/uploads\/2015\/02\/portrait2.png\" alt=\"portrait2\" width=\"187\" height=\"214\" \/><\/a><\/p>\n<p><span style=\"color: #0000ff;\"><strong>DONMAHOUN T. EUPHREME <\/strong><\/span><\/p>\n<p>Technicien Sup\u00e9rieur<\/p>\n<p>CONTROLEUR AU BENIN<\/p>\n<\/div><\/div>\n<div class=\"su-row\"><\/div>\n<div class=\"su-column su-column-size-1-4\"><div class=\"su-column-inner su-u-clearfix su-u-trim\">\n<p><a href=\"https:\/\/satafrique.com\/wp-content\/uploads\/2015\/02\/portrait2.png\" rel='prettyPhoto'><img loading=\"lazy\" decoding=\"async\" class=\"alignnone size-full wp-image-388\" src=\"https:\/\/satafrique.com\/wp-content\/uploads\/2015\/02\/portrait2.png\" alt=\"portrait2\" width=\"187\" height=\"214\" \/><\/a><\/p>\n<p><span style=\"color: #0000ff;\"><strong>LOGOSSOU M. FOLLIVIOE\u00a0 <\/strong><\/span><\/p>\n<p>Technicien Sup\u00e9rieur<\/p>\n<p>CONTROLEUR A PIED D&rsquo;\u0152UVRE<\/p>\n<\/div><\/div>\n<div class=\"su-column su-column-size-1-4\"><div class=\"su-column-inner su-u-clearfix su-u-trim\">\n<p><a href=\"https:\/\/satafrique.com\/wp-content\/uploads\/2015\/02\/portrait2.png\" rel='prettyPhoto'><img loading=\"lazy\" decoding=\"async\" class=\"alignnone size-full wp-image-388\" src=\"https:\/\/satafrique.com\/wp-content\/uploads\/2015\/02\/portrait2.png\" alt=\"portrait2\" width=\"187\" height=\"214\" \/><\/a><\/p>\n<p><span style=\"color: #0000ff;\"><strong>LIGAN T. I. SAMSON ARNAUD <\/strong><\/span><\/p>\n<p>Technicien Sup\u00e9rieur<\/p>\n<p>CONTROLEUR A PIED D&rsquo;\u0152UVRE<\/p>\n<\/div><\/div>\n<div class=\"su-row\"><\/div>\n<div class=\"su-column su-column-size-1-4\"><div class=\"su-column-inner su-u-clearfix su-u-trim\">\n<p><a href=\"https:\/\/satafrique.com\/wp-content\/uploads\/2015\/02\/portrait2.png\" rel='prettyPhoto'><img loading=\"lazy\" decoding=\"async\" class=\"alignnone size-full wp-image-388\" src=\"https:\/\/satafrique.com\/wp-content\/uploads\/2015\/02\/portrait2.png\" alt=\"portrait2\" width=\"187\" height=\"214\" \/><\/a><\/p>\n<p><span style=\"color: #0000ff;\"><strong>MONE FELIX <\/strong><\/span><\/p>\n<p>Dessinateur mettreure<\/p>\n<p>METTREUR<\/p>\n<\/div><\/div>\n<\/div>\n<\/div><\/div>\n<\/div>\n","protected":false},"excerpt":{"rendered":"<p>SATA Afrique dispose d\u2019une \u00e9quipe diversifi\u00e9e\u00a0et qualifi\u00e9e<\/p>\n","protected":false},"author":1,"featured_media":0,"parent":5,"menu_order":1,"comment_status":"open","ping_status":"open","template":"template-fullwidth.php","meta":{"footnotes":""},"class_list":["post-559","page","type-page","status-publish","hentry"],"_links":{"self":[{"href":"https:\/\/satafrique.com\/index.php?rest_route=\/wp\/v2\/pages\/559","targetHints":{"allow":["GET"]}}],"collection":[{"href":"https:\/\/satafrique.com\/index.php?rest_route=\/wp\/v2\/pages"}],"about":[{"href":"https:\/\/satafrique.com\/index.php?rest_route=\/wp\/v2\/types\/page"}],"author":[{"embeddable":true,"href":"https:\/\/satafrique.com\/index.php?rest_route=\/wp\/v2\/users\/1"}],"replies":[{"embeddable":true,"href":"https:\/\/satafrique.com\/index.php?rest_route=%2Fwp%2Fv2%2Fcomments&post=559"}],"version-history":[{"count":54,"href":"https:\/\/satafrique.com\/index.php?rest_route=\/wp\/v2\/pages\/559\/revisions"}],"predecessor-version":[{"id":995,"href":"https:\/\/satafrique.com\/index.php?rest_route=\/wp\/v2\/pages\/559\/revisions\/995"}],"up":[{"embeddable":true,"href":"https:\/\/satafrique.com\/index.php?rest_route=\/wp\/v2\/pages\/5"}],"wp:attachment":[{"href":"https:\/\/satafrique.com\/index.php?rest_route=%2Fwp%2Fv2%2Fmedia&parent=559"}],"curies":[{"name":"wp","href":"https:\/\/api.w.org\/{rel}","templated":true}]}}