{"id":128,"date":"2014-11-20T17:46:27","date_gmt":"2014-11-20T16:46:27","guid":{"rendered":"http:\/\/satafrique.com\/?page_id=128"},"modified":"2015-12-18T13:23:33","modified_gmt":"2015-12-18T12:23:33","slug":"contact","status":"publish","type":"page","link":"https:\/\/satafrique.com\/?page_id=128","title":{"rendered":"CONTACT"},"content":{"rendered":"<div class=\"su-row\">\n<div class=\"su-column su-column-size-1-2\"><div class=\"su-column-inner su-u-clearfix su-u-trim\"><span style=\"color: #3366ff;\"><strong>Nous sommes \u00e0 votre \u00e9coute n&rsquo;h\u00e9sitez pas \u00e0 nous laisser votre message<\/strong><\/span> <script>jQuery(document).ready(function(){});<\/script><script type=\"text\/javascript\"> var xyz_cfm_date_format = \"m\/d\/Y\";function xyz_cfm_1_1_check(){var firstErrorId = \"\"; var xyz_cfm_client_error = 0;var xyz_cfm_name_yourName_1_1 = document.getElementById(\"yourName_1_1\").value;\nif(xyz_cfm_name_yourName_1_1.trim() == \"\"){\ndocument.getElementById(\"text_yourName_1_1\").innerHTML = \"Remplir champ de texte\";\nif(firstErrorId ==  \"\"){\nfirstErrorId = \n\"yourName_1_1\";\n}\nxyz_cfm_client_error = 1;\n}else{\ndocument.getElementById(\"text_yourName_1_1\").innerHTML = \"\";\n}var xyz_cfm_email_yourEmail_2_1 = jQuery.trim(document.getElementById(\"yourEmail_2_1\").value);\nif(xyz_cfm_email_yourEmail_2_1 != \"\"){\nvar reg = \/^([A-Za-z0-9_\\-\\.])+\\@([A-Za-z0-9_\\-\\.])+\\.([A-Za-z]{2,4})$\/;\nif(reg.test(xyz_cfm_email_yourEmail_2_1) == false) {\ndocument.getElementById(\"email_yourEmail_2_1\").innerHTML = \"S'il vous pla\u00eet fournir une adresse email valide\";\nif(firstErrorId ==  \"\"){\nfirstErrorId = \n\"yourEmail_2_1\";\n}\nxyz_cfm_client_error = 1;\n}else{\ndocument.getElementById(\"email_yourEmail_2_1\").innerHTML = \"\";\n}\n}else if(xyz_cfm_email_yourEmail_2_1.trim() == \"\"){\ndocument.getElementById(\"email_yourEmail_2_1\").innerHTML = \"Campo Texto completo\";\nif(firstErrorId ==  \"\"){\nfirstErrorId = \n\"yourEmail_2_1\";\n}\nxyz_cfm_client_error = 1;\n}else{\ndocument.getElementById(\"email_yourEmail_2_1\").innerHTML = \"\";\n}var xyz_cfm_name_subject_3_1 = document.getElementById(\"subject_3_1\").value;\nif(xyz_cfm_name_subject_3_1.trim() == \"\"){\ndocument.getElementById(\"text_subject_3_1\").innerHTML = \"Remplir champ de texte\";\nif(firstErrorId ==  \"\"){\nfirstErrorId = \n\"subject_3_1\";\n}\nxyz_cfm_client_error = 1;\n}else{\ndocument.getElementById(\"text_subject_3_1\").innerHTML = \"\";\n}var xyz_cfm_textArea_message_4_1 = document.getElementById(\"message_4_1\").value;\nif(xyz_cfm_textArea_message_4_1.trim() == \"\"){\ndocument.getElementById(\"textarea_message_4_1\").innerHTML = \"Remplir champ textarea\";\nif(firstErrorId ==  \"\"){\nfirstErrorId = \n\"message_4_1\";\n}\nxyz_cfm_client_error = 1;\n}else{\ndocument.getElementById(\"textarea_message_4_1\").innerHTML = \"\";\n}\nif(xyz_cfm_client_error == 1){\nif(firstErrorId !=  \"\"){\ndocument.getElementById(firstErrorId).focus();\n}\nreturn false;\n}}<\/script>\n<div id=\"xyz_cfm_form1_1_success\" style=\"background: #C8FCBB;  text-align: center;  border-radius: 15px; margin-bottom: 20px;\"><\/div>\n<form name=\"xyz_cfm_1_1\" method=\"POST\" id=\"xyz_cfm_1_1\" enctype=\"multipart\/form-data\" onSubmit=\"return xyz_cfm_1_1_check();\">\n<div class=\"xyz_cfm_theme_div_id_\"><table style=\"width: 100%;\"><tbody><tr><td>Nom Prenom<\/td><td>\u00a0:\u00a0<\/td><td><input  class=\"\"  type=\"text\" id=\"yourName_1_1\" name=\"yourName\"  value=\"\"  ><span style=\"color:red;\">*<\/span><div style=\"font-weight: normal;color:red;\" id=\"text_yourName_1_1\"><\/div>\n<\/td><\/tr><tr><td>Email<\/td><td>\u00a0:\u00a0<\/td><td><input  class=\"\"  type=\"text\" id=\"yourEmail_2_1\" name=\"yourEmail\"  value=\"\"  ><span style=\"color:red;\">*<\/span><div style=\"font-weight: normal;color:red;\" id=\"email_yourEmail_2_1\"><\/div>\n<\/td><\/tr><tr><td>Entreprise<\/td><td>\u00a0:\u00a0<\/td><td><input  class=\"\"  type=\"text\" id=\"subject_3_1\" name=\"subject\"  value=\"\"  ><span style=\"color:red;\">*<\/span><div style=\"font-weight: normal;color:red;\" id=\"text_subject_3_1\"><\/div>\n<\/td><\/tr><tr><td>Message\u00a0<\/td><td>\u00a0:\u00a0<\/td><td><textarea   class=\"textAreaStyle  \"  id=\"message_4_1\" name=\"message\"   rows=\"6\" cols=\"45\"><\/textarea><span style=\"color:red;\">*<\/span><div style=\"font-weight: normal;color:red;\" id=\"textarea_message_4_1\"><\/div>\n<\/td><\/tr><tr><td colspan=\"2\">\u00a0<\/td><td><input class=\"\"  type=\"submit\" name=\"submit\" id=\"submit_5_1\" value=\"Envoyer\"  ><\/td><\/tr><\/tbody><\/table><\/div>\n<input type =\"hidden\" name=\"xyz_cfm_frmName_1\"  value=\"form1\" >\n<\/form>\u00a0<\/div><\/div>\n<div class=\"su-column su-column-size-1-2\"><div class=\"su-column-inner su-u-clearfix su-u-trim\">\n<p><a href=\"https:\/\/satafrique.com\/wp-content\/uploads\/2014\/11\/satacontact.png\" rel='prettyPhoto'><img loading=\"lazy\" decoding=\"async\" class=\"alignnone size-full wp-image-657\" src=\"https:\/\/satafrique.com\/wp-content\/uploads\/2014\/11\/satacontact.png\" alt=\"satacontact\" width=\"463\" height=\"112\" srcset=\"https:\/\/satafrique.com\/wp-content\/uploads\/2014\/11\/satacontact.png 463w, https:\/\/satafrique.com\/wp-content\/uploads\/2014\/11\/satacontact-300x72.png 300w\" sizes=\"auto, (max-width: 463px) 100vw, 463px\" \/><\/a><\/p>\n<p>&nbsp;<\/p>\n<p><span class=\"vertM\" style=\"font-weight: bold; color: #3bb84c;\"><span style=\"color: #3366ff;\">ADRESSE DES DIFF\u00c9RENTES REPR\u00c9SENTATION :<\/span>\u00a0<\/span><\/p>\n<p><img loading=\"lazy\" decoding=\"async\" class=\"alignnone wp-image-264 size-full\" src=\"https:\/\/satafrique.com\/wp-content\/uploads\/2014\/11\/contact.jpg\" alt=\"contact\" width=\"504\" height=\"178\" srcset=\"https:\/\/satafrique.com\/wp-content\/uploads\/2014\/11\/contact.jpg 504w, https:\/\/satafrique.com\/wp-content\/uploads\/2014\/11\/contact-300x105.jpg 300w\" sizes=\"auto, (max-width: 504px) 100vw, 504px\" \/><\/p>\n<table style=\"color: #000000; height: 173px;\" border=\"0\" width=\"629\" cellspacing=\"0\" cellpadding=\"0\">\n<tbody>\n<tr>\n<td width=\"350\"><\/td>\n<td><\/td>\n<\/tr>\n<tr>\n<td><\/td>\n<td><\/td>\n<\/tr>\n<tr>\n<td><\/td>\n<td><\/td>\n<\/tr>\n<tr>\n<td><\/td>\n<td><\/td>\n<\/tr>\n<\/tbody>\n<\/table>\n<\/div><\/div>\n<\/div>\n<p>&nbsp;<\/p>\n","protected":false},"excerpt":{"rendered":"<p>&#038;nbsp<\/p>\n","protected":false},"author":1,"featured_media":0,"parent":0,"menu_order":0,"comment_status":"open","ping_status":"open","template":"template-fullwidth.php","meta":{"footnotes":""},"class_list":["post-128","page","type-page","status-publish","hentry"],"_links":{"self":[{"href":"https:\/\/satafrique.com\/index.php?rest_route=\/wp\/v2\/pages\/128","targetHints":{"allow":["GET"]}}],"collection":[{"href":"https:\/\/satafrique.com\/index.php?rest_route=\/wp\/v2\/pages"}],"about":[{"href":"https:\/\/satafrique.com\/index.php?rest_route=\/wp\/v2\/types\/page"}],"author":[{"embeddable":true,"href":"https:\/\/satafrique.com\/index.php?rest_route=\/wp\/v2\/users\/1"}],"replies":[{"embeddable":true,"href":"https:\/\/satafrique.com\/index.php?rest_route=%2Fwp%2Fv2%2Fcomments&post=128"}],"version-history":[{"count":36,"href":"https:\/\/satafrique.com\/index.php?rest_route=\/wp\/v2\/pages\/128\/revisions"}],"predecessor-version":[{"id":659,"href":"https:\/\/satafrique.com\/index.php?rest_route=\/wp\/v2\/pages\/128\/revisions\/659"}],"wp:attachment":[{"href":"https:\/\/satafrique.com\/index.php?rest_route=%2Fwp%2Fv2%2Fmedia&parent=128"}],"curies":[{"name":"wp","href":"https:\/\/api.w.org\/{rel}","templated":true}]}}