{"id":121,"date":"2014-11-20T17:38:34","date_gmt":"2014-11-20T16:38:34","guid":{"rendered":"http:\/\/satafrique.com\/?page_id=121"},"modified":"2014-11-20T21:29:09","modified_gmt":"2014-11-20T20:29:09","slug":"activites","status":"publish","type":"page","link":"https:\/\/satafrique.com\/?page_id=121","title":{"rendered":"ACTIVITES"},"content":{"rendered":"<div class=\"su-accordion su-u-trim\">\n<div class=\"su-spoiler su-spoiler-style-fancy su-spoiler-icon-plus su-spoiler-closed\" data-scroll-offset=\"0\" data-anchor-in-url=\"no\"><div class=\"su-spoiler-title\" tabindex=\"0\" role=\"button\"><span class=\"su-spoiler-icon\"><\/span>Architecture<\/div><div class=\"su-spoiler-content su-u-clearfix su-u-trim\">\n<div class=\"su-row\">\n<div class=\"su-column su-column-size-1-2\"><div class=\"su-column-inner su-u-clearfix su-u-trim\">\u00a0 <span style=\"color: #000000;\">Conception et construction de b\u00e2timents et d&rsquo;ouvrages relevant du domaine de l&rsquo;Architecture.<\/span>\u00a0<\/div><\/div>\n<div class=\"su-column su-column-size-1-2\"><div class=\"su-column-inner su-u-clearfix su-u-trim\">\u00a0<a href=\"https:\/\/satafrique.com\/wp-content\/uploads\/2014\/11\/architecture.jpg\" rel='prettyPhoto'><img loading=\"lazy\" decoding=\"async\" class=\"alignnone size-full wp-image-136\" src=\"https:\/\/satafrique.com\/wp-content\/uploads\/2014\/11\/architecture.jpg\" alt=\"architecture\" width=\"296\" height=\"273\" \/><\/a>\u00a0<\/div><\/div>\n<\/div>\n<\/div><\/div>\n<div class=\"su-spoiler su-spoiler-style-fancy su-spoiler-icon-plus su-spoiler-closed\" data-scroll-offset=\"0\" data-anchor-in-url=\"no\"><div class=\"su-spoiler-title\" tabindex=\"0\" role=\"button\"><span class=\"su-spoiler-icon\"><\/span>Etudes techniques<\/div><div class=\"su-spoiler-content su-u-clearfix su-u-trim\">\n<div class=\"su-row\">\n<div class=\"su-column su-column-size-1-2\"><div class=\"su-column-inner su-u-clearfix su-u-trim\">\u00a0Solutions techniques en b\u00e2timents. Calcul de structures.<br \/>\nAm\u00e9nagement &#8211; Rehabilitation : Am\u00e9nagement de l&rsquo;habitat rural. Restauration d&rsquo;immeubles, de maisons individuelles.\u00a0<\/div><\/div>\n<div class=\"su-column su-column-size-1-2\"><div class=\"su-column-inner su-u-clearfix su-u-trim\">\u00a0<a href=\"https:\/\/satafrique.com\/wp-content\/uploads\/2014\/11\/etudes.png\" rel='prettyPhoto'><img loading=\"lazy\" decoding=\"async\" class=\"alignnone size-medium wp-image-142\" src=\"https:\/\/satafrique.com\/wp-content\/uploads\/2014\/11\/etudes-300x245.png\" alt=\"etudes\" width=\"300\" height=\"245\" srcset=\"https:\/\/satafrique.com\/wp-content\/uploads\/2014\/11\/etudes-300x245.png 300w, https:\/\/satafrique.com\/wp-content\/uploads\/2014\/11\/etudes.png 346w\" sizes=\"auto, (max-width: 300px) 100vw, 300px\" \/><\/a>\u00a0<\/div><\/div>\n<\/div>\n<\/div><\/div>\n<div class=\"su-spoiler su-spoiler-style-fancy su-spoiler-icon-plus su-spoiler-closed\" data-scroll-offset=\"0\" data-anchor-in-url=\"no\"><div class=\"su-spoiler-title\" tabindex=\"0\" role=\"button\"><span class=\"su-spoiler-icon\"><\/span>D\u00e9coration-Architecture d'int\u00e9rieur<\/div><div class=\"su-spoiler-content su-u-clearfix su-u-trim\">\n<div class=\"su-row\">\n<div class=\"su-column su-column-size-1-2\"><div class=\"su-column-inner su-u-clearfix su-u-trim\"> <span style=\"color: #000000;\">Conception et am\u00e9nagement d&rsquo;espaces int\u00e9rieurs, d\u00e9coration, conception de motifs et de d\u00e9cors,agencement.<\/span>\u00a0<\/div><\/div>\n<div class=\"su-column su-column-size-1-2\"><div class=\"su-column-inner su-u-clearfix su-u-trim\"> <a href=\"https:\/\/satafrique.com\/wp-content\/uploads\/2014\/11\/interieurl.jpg\" rel='prettyPhoto'><img loading=\"lazy\" decoding=\"async\" class=\"alignnone size-medium wp-image-147\" src=\"https:\/\/satafrique.com\/wp-content\/uploads\/2014\/11\/interieurl-300x225.jpg\" alt=\"Home interior 3D rendering\" width=\"300\" height=\"225\" srcset=\"https:\/\/satafrique.com\/wp-content\/uploads\/2014\/11\/interieurl-300x225.jpg 300w, https:\/\/satafrique.com\/wp-content\/uploads\/2014\/11\/interieurl.jpg 360w\" sizes=\"auto, (max-width: 300px) 100vw, 300px\" \/><\/a>\u00a0<\/div><\/div>\n<\/div>\n<\/div><\/div>\n<div class=\"su-spoiler su-spoiler-style-fancy su-spoiler-icon-plus su-spoiler-closed\" data-scroll-offset=\"0\" data-anchor-in-url=\"no\"><div class=\"su-spoiler-title\" tabindex=\"0\" role=\"button\"><span class=\"su-spoiler-icon\"><\/span>Design<\/div><div class=\"su-spoiler-content su-u-clearfix su-u-trim\">\n<div class=\"su-row\">\n<div class=\"su-column su-column-size-1-2\"><div class=\"su-column-inner su-u-clearfix su-u-trim\">\u00a0Conception de formes et d&rsquo;objets pour le Mobilier, les Menuiseries, l&rsquo;Industrie et les monuments\u00a0<\/div><\/div>\n<div class=\"su-column su-column-size-1-2\"><div class=\"su-column-inner su-u-clearfix su-u-trim\">\u00a0<a href=\"https:\/\/satafrique.com\/wp-content\/uploads\/2014\/11\/design.png\" rel='prettyPhoto'><img loading=\"lazy\" decoding=\"async\" class=\"alignnone size-medium wp-image-151\" src=\"https:\/\/satafrique.com\/wp-content\/uploads\/2014\/11\/design-300x258.png\" alt=\"design\" width=\"300\" height=\"258\" srcset=\"https:\/\/satafrique.com\/wp-content\/uploads\/2014\/11\/design-300x258.png 300w, https:\/\/satafrique.com\/wp-content\/uploads\/2014\/11\/design.png 333w\" sizes=\"auto, (max-width: 300px) 100vw, 300px\" \/><\/a>\u00a0<\/div><\/div>\n<\/div>\n<\/div><\/div>\n<\/div>\n","protected":false},"excerpt":{"rendered":"","protected":false},"author":1,"featured_media":0,"parent":0,"menu_order":0,"comment_status":"open","ping_status":"open","template":"template-fullwidth.php","meta":{"footnotes":""},"class_list":["post-121","page","type-page","status-publish","hentry"],"_links":{"self":[{"href":"https:\/\/satafrique.com\/index.php?rest_route=\/wp\/v2\/pages\/121","targetHints":{"allow":["GET"]}}],"collection":[{"href":"https:\/\/satafrique.com\/index.php?rest_route=\/wp\/v2\/pages"}],"about":[{"href":"https:\/\/satafrique.com\/index.php?rest_route=\/wp\/v2\/types\/page"}],"author":[{"embeddable":true,"href":"https:\/\/satafrique.com\/index.php?rest_route=\/wp\/v2\/users\/1"}],"replies":[{"embeddable":true,"href":"https:\/\/satafrique.com\/index.php?rest_route=%2Fwp%2Fv2%2Fcomments&post=121"}],"version-history":[{"count":15,"href":"https:\/\/satafrique.com\/index.php?rest_route=\/wp\/v2\/pages\/121\/revisions"}],"predecessor-version":[{"id":152,"href":"https:\/\/satafrique.com\/index.php?rest_route=\/wp\/v2\/pages\/121\/revisions\/152"}],"wp:attachment":[{"href":"https:\/\/satafrique.com\/index.php?rest_route=%2Fwp%2Fv2%2Fmedia&parent=121"}],"curies":[{"name":"wp","href":"https:\/\/api.w.org\/{rel}","templated":true}]}}